{"id":5653,"date":"2024-06-06T11:42:55","date_gmt":"2024-06-06T11:42:55","guid":{"rendered":"https:\/\/www.mcxvi.hu\/?page_id=5653"},"modified":"2024-08-02T08:52:10","modified_gmt":"2024-08-02T08:52:10","slug":"rolunk","status":"publish","type":"page","link":"https:\/\/www.mcxvi.hu\/en\/rolunk\/","title":{"rendered":"About Us"},"content":{"rendered":"<div class=\"wpb-content-wrapper\"><p>[vc_row][vc_column][vc_column_text css=&#8221;.vc_custom_1722415114944{margin-left: 15px !important;}&#8221;]<\/p>\n<h3>ABOUT US<\/h3>\n<p>[\/vc_column_text][\/vc_column][\/vc_row][vc_row content_placement=&#8221;top&#8221;][vc_column][vc_row_inner content_placement=&#8221;top&#8221;][vc_column_inner width=&#8221;7\/12&#8243;][vc_masonry_grid post_type=&#8221;portfolio&#8221; max_items=&#8221;2&#8243; element_width=&#8221;6&#8243; gap=&#8221;5&#8243; orderby=&#8221;ID&#8221; item=&#8221;1154&#8243; initial_loading_animation=&#8221;none&#8221; grid_id=&#8221;vc_gid:1722415346125-d605a87d-0417-6&#8243; taxonomies=&#8221;21&#8243;][\/vc_column_inner][vc_column_inner width=&#8221;5\/12&#8243;][vc_column_text css=&#8221;&#8221;]MCXVI Architects was founded in 2001. Currently, the firm is managed by founders L\u00e1szl\u00f3 Herczeg and G\u00e1bor Szokolyai, who are also the lead architects.<\/p>\n<p>We believe that the built environment is fundamental to the quality of human life. We strive to integrate all technical, financial, legal and architectural aspects, while not losing sight of the value of architecture, the greatness of creation, the responsibility of community and the importance of a livable human scale.[\/vc_column_text][\/vc_column_inner][\/vc_row_inner][vc_row_inner content_placement=&#8221;middle&#8221; css=&#8221;.vc_custom_1722259156180{margin-top: 55px !important;margin-bottom: 55px !important;}&#8221;][vc_column_inner width=&#8221;1\/2&#8243;][vc_column_text css=&#8221;&#8221;]Our unique feature in the Hungarian market is that our work covers all scales of environmental design. We understand architecture in its complexity, from urban design, buildings and interiors to individual industrial and fine art works. This is how a design can become a coherent, rounded whole. It is this layering that enriches, gives meaning to and, we hope, makes the architecture we represent more lovable and successful for all.[\/vc_column_text][\/vc_column_inner][vc_column_inner width=&#8221;1\/2&#8243;][vc_column_text css=&#8221;&#8221;]<\/p>\n<div id='gallery-2' class='gallery galleryid-5653 gallery-columns-1 gallery-size-full'><figure class='gallery-item'>\n\t\t\t<div class='gallery-icon landscape'>\n\t\t\t\t<a href='https:\/\/www.mcxvi.hu\/wp-content\/uploads\/2024\/07\/abra.png'><img loading=\"lazy\" decoding=\"async\" width=\"1786\" height=\"1170\" src=\"https:\/\/www.mcxvi.hu\/wp-content\/uploads\/2024\/07\/abra.png\" class=\"attachment-full size-full\" alt=\"\" srcset=\"https:\/\/www.mcxvi.hu\/wp-content\/uploads\/2024\/07\/abra.png 1786w, https:\/\/www.mcxvi.hu\/wp-content\/uploads\/2024\/07\/abra-768x503.png 768w, https:\/\/www.mcxvi.hu\/wp-content\/uploads\/2024\/07\/abra-1536x1006.png 1536w, https:\/\/www.mcxvi.hu\/wp-content\/uploads\/2024\/07\/abra-1612x1056.png 1612w, https:\/\/www.mcxvi.hu\/wp-content\/uploads\/2024\/07\/abra-1116x731.png 1116w, https:\/\/www.mcxvi.hu\/wp-content\/uploads\/2024\/07\/abra-806x528.png 806w, https:\/\/www.mcxvi.hu\/wp-content\/uploads\/2024\/07\/abra-558x366.png 558w, https:\/\/www.mcxvi.hu\/wp-content\/uploads\/2024\/07\/abra-655x429.png 655w\" sizes=\"(max-width: 1786px) 100vw, 1786px\" \/><\/a>\n\t\t\t<\/div><\/figure>\n\t\t<\/div>\n\n<p>[\/vc_column_text][\/vc_column_inner][\/vc_row_inner][\/vc_column][\/vc_row][vc_row css=&#8221;.vc_custom_1722258828914{margin-top: 0px !important;margin-bottom: -35px !important;}&#8221;][vc_column][vc_column_text css=&#8221;.vc_custom_1722415195969{margin-bottom: 35px !important;}&#8221; el_class=&#8221;cime&#8221;]<\/p>\n<h3><span style=\"color: #000000;\">Profile<\/span><\/h3>\n<p>[\/vc_column_text][vc_column_text css=&#8221;.vc_custom_1722415185101{margin-top: 55px !important;}&#8221;]Town, building, interior: can be understood both as a sequence of scales and as a matrix of thought, a continuous zooming in and out on the immediate human use of space, on comfort, on the aesthetic experience of space. The starting point is always the person, the human scale.[\/vc_column_text][\/vc_column][\/vc_row][vc_row gap=&#8221;35&#8243; equal_height=&#8221;yes&#8221; css=&#8221;.vc_custom_1722415294979{padding-right: 30px !important;padding-left: 30px !important;}&#8221; el_class=&#8221;box&#8221;][vc_column width=&#8221;1\/3&#8243; el_class=&#8221;box&#8221;][vc_column_text css=&#8221;&#8221; el_class=&#8221;tartaloma&#8221;]<\/p>\n<h3><strong>Architecture<\/strong><\/h3>\n<p>Our studio\u2019s rich, award-winning portfolio is the result of three decades of architectural design practice, with nearly three and a half million square metres of buildings designed and built for a wide range of functions. We take a complex and comprehensive approach to architectural tasks, with a design approach that is both rational and creative, considering economic, disciplinary and structural aspects as well as architectural form, environmental awareness and the aspects of the wider context.[\/vc_column_text][\/vc_column][vc_column width=&#8221;1\/3&#8243; el_class=&#8221;box&#8221;][vc_column_text css=&#8221;&#8221; el_class=&#8221;tartaloma&#8221;]<\/p>\n<h3><strong>Interior design<\/strong><\/h3>\n<p><strong>Architecture of the interior<\/strong> Both architecture and interior design are about creating space. There is no sharp distinction between them. In the ideal design process, they are not sequential, they are not layered, they are a consequence of each other. The best buildings are coherent inside and out. It is more appropriate to speak of the architecture of interiors than of interior architecture in the conventional sense. Interiors can be understood personally and experienced more directly by everyone.[\/vc_column_text][\/vc_column][vc_column width=&#8221;1\/3&#8243; el_class=&#8221;box&#8221;][vc_column_text css=&#8221;&#8221; el_class=&#8221;tartaloma&#8221;]<\/p>\n<h3><strong>Urbanism<\/strong><\/h3>\n<p>Our experience as town planners, members of local authorities and architectural juries has given us a thorough understanding of the system and the possibilities of local regulations. As architects, we know not only what can be built on a site, but also how to create a quality and well-functioning development. We look for architectural answers at the urban scale to make the consultation, regulation and approval processes more efficient and to find the optimal solution for the developer and the community.[\/vc_column_text][\/vc_column][\/vc_row][vc_row el_class=&#8221;lista&#8221; css=&#8221;.vc_custom_1722258837891{margin-top: 55px !important;}&#8221;][vc_column][vc_column_text css=&#8221;&#8221; el_class=&#8221;cime&#8221;]<\/p>\n<h3><span style=\"color: #000000;\">Our Awards<\/span><\/h3>\n<p>[\/vc_column_text][vc_column_text css=&#8221;&#8221; el_class=&#8221;awards&#8221;]<\/p>\n<ul>\n<li><strong>2023 <\/strong><em>BIG SEE Interior Design Award<\/em>MVM Dome<\/li>\n<li><strong>2019 <\/strong><em>Az \u00e9vtized 30 legjobb magyar \u00e9p\u00fclete<\/em>Zsolnay Kultur\u00e1lis Negyed<\/li>\n<li><strong>2019<\/strong><em> BIG SEE Architecture Award<\/em>Csal\u00e1di h\u00e1z, Budapest<\/li>\n<li><strong>2015 <\/strong><em>A Award III.<\/em>Szokolyai G\u00e1bor<\/li>\n<li><strong>2013 <\/strong><em>Pro Architectura d\u00edj<\/em>Herczeg L\u00e1szl\u00f3<\/li>\n<li><strong>2013 <\/strong><em>ICOMOS-d\u00edj<\/em>Herczeg L\u00e1szl\u00f3 \u2013 Zsolnay Kultur\u00e1lis Negyed<\/li>\n<li><strong>2013 <\/strong><em>Fiabci-d\u00edj \u00e9s Fiabci Silver Medal<\/em>Zsolnay Kultur\u00e1lis Negyed<\/li>\n<li><strong>2013 <\/strong><em>Brick Award Top 50<\/em>Zsolnay Kultur\u00e1lis Negyed<\/li>\n<li><strong>2012 <\/strong><em>Szendr\u0151i Jen\u0151 d\u00edj<\/em>Herczeg L\u00e1szl\u00f3<\/li>\n<li><strong>2012 <\/strong><em>M\u00e9dia \u00c9p\u00edt\u00e9szeti D\u00edja<\/em>Zsolnay Kultur\u00e1lis Negyed<\/li>\n<li><strong>2011 <\/strong><em>Moln\u00e1r P\u00e9ter eml\u00e9kd\u00edj<\/em>Herczeg L\u00e1szl\u00f3<\/li>\n<li><strong>2007 <\/strong><em>Saint-Gobain Tr\u00f3fea III.<\/em>Szokolyai G\u00e1bor \u2013 BL Yachtklub<\/li>\n<\/ul>\n<p>[\/vc_column_text][\/vc_column][\/vc_row]<\/p>\n<\/div>","protected":false},"excerpt":{"rendered":"<p>[vc_row][vc_column][vc_column_text css=&#8221;.vc_custom_1722415114944{margin-left: 15px !important;}&#8221;] ABOUT US [\/vc_column_text][\/vc_column][\/vc_row][vc_row content_placement=&#8221;top&#8221;][vc_column][vc_row_inner content_placement=&#8221;top&#8221;][vc_column_inner width=&#8221;7\/12&#8243;][vc_masonry_grid post_type=&#8221;portfolio&#8221; max_items=&#8221;2&#8243; element_width=&#8221;6&#8243; gap=&#8221;5&#8243; orderby=&#8221;ID&#8221; item=&#8221;1154&#8243; initial_loading_animation=&#8221;none&#8221; grid_id=&#8221;vc_gid:1722415346125-d605a87d-0417-6&#8243; taxonomies=&#8221;21&#8243;][\/vc_column_inner][vc_column_inner width=&#8221;5\/12&#8243;][vc_column_text css=&#8221;&#8221;]MCXVI Architects was founded in 2001. Currently, the firm is managed by founders L\u00e1szl\u00f3 Herczeg and G\u00e1bor Szokolyai, who are also the lead architects. We believe that the built environment is fundamental to the quality&hellip;<\/p>\n","protected":false},"author":1,"featured_media":0,"parent":0,"menu_order":0,"comment_status":"closed","ping_status":"closed","template":"","meta":{"_acf_changed":false,"footnotes":""},"acf":[],"_links":{"self":[{"href":"https:\/\/www.mcxvi.hu\/en\/wp-json\/wp\/v2\/pages\/5653"}],"collection":[{"href":"https:\/\/www.mcxvi.hu\/en\/wp-json\/wp\/v2\/pages"}],"about":[{"href":"https:\/\/www.mcxvi.hu\/en\/wp-json\/wp\/v2\/types\/page"}],"author":[{"embeddable":true,"href":"https:\/\/www.mcxvi.hu\/en\/wp-json\/wp\/v2\/users\/1"}],"replies":[{"embeddable":true,"href":"https:\/\/www.mcxvi.hu\/en\/wp-json\/wp\/v2\/comments?post=5653"}],"version-history":[{"count":178,"href":"https:\/\/www.mcxvi.hu\/en\/wp-json\/wp\/v2\/pages\/5653\/revisions"}],"predecessor-version":[{"id":6537,"href":"https:\/\/www.mcxvi.hu\/en\/wp-json\/wp\/v2\/pages\/5653\/revisions\/6537"}],"wp:attachment":[{"href":"https:\/\/www.mcxvi.hu\/en\/wp-json\/wp\/v2\/media?parent=5653"}],"curies":[{"name":"wp","href":"https:\/\/api.w.org\/{rel}","templated":true}]}}